{"id":373,"date":"2021-08-19T22:14:23","date_gmt":"2021-08-20T03:14:23","guid":{"rendered":"https:\/\/www.jorgevelalaw.com\/delitos-de-estado\/delitos-de-agresion\/"},"modified":"2024-08-05T17:55:15","modified_gmt":"2024-08-05T22:55:15","slug":"agresion","status":"publish","type":"page","link":"https:\/\/www.jorgevelalaw.com\/es\/delitos-estatales\/agresion\/","title":{"rendered":"Abogado por Delitos de Agresi\u00f3n en Austin, TX"},"content":{"rendered":"\t\t<div data-elementor-type=\"wp-page\" data-elementor-id=\"373\" class=\"elementor elementor-373 elementor-108\" data-elementor-post-type=\"page\">\n\t\t\t\t\t\t<section class=\"elementor-section elementor-top-section elementor-element elementor-element-59c01e4 elementor-section-boxed elementor-section-height-default elementor-section-height-default\" data-id=\"59c01e4\" data-element_type=\"section\" data-e-type=\"section\">\n\t\t\t\t\t\t<div class=\"elementor-container elementor-column-gap-default\">\n\t\t\t\t\t<div class=\"elementor-column elementor-col-100 elementor-top-column elementor-element elementor-element-9eddafa\" data-id=\"9eddafa\" data-element_type=\"column\" data-e-type=\"column\" data-settings=\"{&quot;background_background&quot;:&quot;classic&quot;}\">\n\t\t\t<div class=\"elementor-widget-wrap elementor-element-populated\">\n\t\t\t\t\t\t<div class=\"elementor-element elementor-element-d41037b elementor-widget elementor-widget-text-editor\" data-id=\"d41037b\" data-element_type=\"widget\" data-e-type=\"widget\" data-widget_type=\"text-editor.default\">\n\t\t\t\t<div class=\"elementor-widget-container\">\n\t\t\t\t\t\t\t\t\t<p>Los casos de agresi\u00f3n se toman muy en serio en Texas. Un arresto por asalto o asalto agravado puede tener consecuencias de largo alcance que pueden afectar su trabajo, sus licencias estatales y federales, su derecho a portar un arma de fuego y su reputaci\u00f3n. Y lo que es m\u00e1s importante, una condena por agresi\u00f3n puede dar lugar a duras sanciones penales que incluyen multas, libertad condicional e incluso tiempo de c\u00e1rcel.<\/p><p>Si usted ha sido acusado de un cargo de asalto, necesita contratar a un abogado de delitos de agresi\u00f3n en Austin. Como fiscal, Jorge Vela manej\u00f3 cientos de casos de delitos violentos que incluyeron casos de asalto, asalto agravado y homicidio. Ahora, como abogado defensor, utiliza esa experiencia para luchar por usted.<\/p>\t\t\t\t\t\t\t\t<\/div>\n\t\t\t\t<\/div>\n\t\t\t\t<div class=\"elementor-element elementor-element-2895550 elementor-widget elementor-widget-heading\" data-id=\"2895550\" data-element_type=\"widget\" data-e-type=\"widget\" data-widget_type=\"heading.default\">\n\t\t\t\t<div class=\"elementor-widget-container\">\n\t\t\t\t\t<h2 class=\"elementor-heading-title elementor-size-default\">\u00bfQu\u00e9 constituye una agresi\u00f3n con agravantes con un arma mortal?<\/h2>\t\t\t\t<\/div>\n\t\t\t\t<\/div>\n\t\t\t\t<div class=\"elementor-element elementor-element-c166880 elementor-widget elementor-widget-text-editor\" data-id=\"c166880\" data-element_type=\"widget\" data-e-type=\"widget\" data-widget_type=\"text-editor.default\">\n\t\t\t\t<div class=\"elementor-widget-container\">\n\t\t\t\t\t\t\t\t\t<p>La respuesta a esta pregunta puede cambiar su sentencia &#8211; y su vida. Bajo la ley de Texas, cuando un arma mortal est\u00e1 involucrada en un asalto, el cargo correspondiente se eleva autom\u00e1ticamente a asalto agravado. Conlleva una pena de prisi\u00f3n de 2 a 20 a\u00f1os y tambi\u00e9n una multa de 10.000 d\u00f3lares.<\/p><p>Aunque las pistolas y los cuchillos son los que m\u00e1s se discuten en este contexto, muchos objetos pueden calificarse de armas mortales si se utilizan de forma violenta. Algunos ejemplos son los coches, los equipos deportivos y las tablas de cortar. Un simple cuchillo de mantequilla puede considerarse un arma mortal si se sostiene en la garganta de una persona. Los cargos de asalto agravado pueden ser presentados incluso cuando no hay armas involucradas. La ley considera que los pu\u00f1os son armas mortales en algunas situaciones.<\/p><h3 id=\"some-examples-of-aggravated-assault\">Algunos ejemplos de agresi\u00f3n con agravantes<\/h3><ul class=\"has-medium-font-size\"><li>Disparar o apu\u00f1alar a otra persona<\/li><li>Infligir lesiones corporales graves a otra persona sin que haya un arma presente<\/li><li>Usar cualquier tipo de objeto ordinario para infligir lesiones a otra persona<\/li><li>Usar una cuerda para asfixiar a otra persona<\/li><\/ul><p>El abogado de Austin Jorge Vela tiene muchos a\u00f1os de experiencia como fiscal manejando casos de asalto agravado en Texas. En su papel de abogado defensor, aporta d\u00e9cadas de conocimientos para luchar por usted.<\/p>\t\t\t\t\t\t\t\t<\/div>\n\t\t\t\t<\/div>\n\t\t\t\t\t<\/div>\n\t\t<\/div>\n\t\t\t\t\t<\/div>\n\t\t<\/section>\n\t\t\t\t<section class=\"elementor-section elementor-top-section elementor-element elementor-element-1da8671 elementor-section-stretched elementor-section-boxed elementor-section-height-default elementor-section-height-default\" data-id=\"1da8671\" data-element_type=\"section\" data-e-type=\"section\" data-settings=\"{&quot;stretch_section&quot;:&quot;section-stretched&quot;,&quot;background_background&quot;:&quot;classic&quot;}\">\n\t\t\t\t\t\t<div class=\"elementor-container elementor-column-gap-default\">\n\t\t\t\t\t<div class=\"elementor-column elementor-col-100 elementor-top-column elementor-element elementor-element-9d8b6a8\" data-id=\"9d8b6a8\" data-element_type=\"column\" data-e-type=\"column\" data-settings=\"{&quot;background_background&quot;:&quot;classic&quot;}\">\n\t\t\t<div class=\"elementor-widget-wrap elementor-element-populated\">\n\t\t\t\t\t\t<div class=\"elementor-element elementor-element-799077f elementor-widget elementor-widget-heading\" data-id=\"799077f\" data-element_type=\"widget\" data-e-type=\"widget\" data-widget_type=\"heading.default\">\n\t\t\t\t<div class=\"elementor-widget-container\">\n\t\t\t\t\t<h2 class=\"elementor-heading-title elementor-size-default\">\nPenas por cargos de agresi\u00f3n<\/h2>\t\t\t\t<\/div>\n\t\t\t\t<\/div>\n\t\t\t\t<div class=\"elementor-element elementor-element-83fc0b1 elementor-widget elementor-widget-text-editor\" data-id=\"83fc0b1\" data-element_type=\"widget\" data-e-type=\"widget\" data-widget_type=\"text-editor.default\">\n\t\t\t\t<div class=\"elementor-widget-container\">\n\t\t\t\t\t\t\t\t\t<p>Una persona comete un delito menor de asalto (Clase A) si intencionalmente, a sabiendas o imprudentemente causa lesiones corporales a otro. Una persona tambi\u00e9n puede cometer el delito de agresi\u00f3n si incluso amenaza a otra con una lesi\u00f3n corporal inminente.<\/p><p>Si se alega que se ha utilizado un arma mortal o que la v\u00edctima ha sufrido lesiones corporales graves, podr\u00eda ser acusado de asalto agravado, un delito grave de segundo grado.<\/p>\t\t\t\t\t\t\t\t<\/div>\n\t\t\t\t<\/div>\n\t\t\t\t<div class=\"elementor-element elementor-element-1030c44 elementor-widget elementor-widget-heading\" data-id=\"1030c44\" data-element_type=\"widget\" data-e-type=\"widget\" data-widget_type=\"heading.default\">\n\t\t\t\t<div class=\"elementor-widget-container\">\n\t\t\t\t\t<h4 class=\"elementor-heading-title elementor-size-default\">Agresi\u00f3n (Clase A)<\/h4>\t\t\t\t<\/div>\n\t\t\t\t<\/div>\n\t\t\t\t<div class=\"elementor-element elementor-element-ee1e9c1 elementor-widget elementor-widget-text-editor\" data-id=\"ee1e9c1\" data-element_type=\"widget\" data-e-type=\"widget\" data-widget_type=\"text-editor.default\">\n\t\t\t\t<div class=\"elementor-widget-container\">\n\t\t\t\t\t\t\t\t\t<p>Si una persona es declarada culpable de un delito menor de clase A, puede ser condenada a hasta un a\u00f1o de c\u00e1rcel, y\/o a una multa de hasta 4.000 d\u00f3lares. Un acusado puede seguir teniendo derecho a la libertad condicional.<\/p>\t\t\t\t\t\t\t\t<\/div>\n\t\t\t\t<\/div>\n\t\t\t\t<div class=\"elementor-element elementor-element-43deb5d elementor-widget elementor-widget-heading\" data-id=\"43deb5d\" data-element_type=\"widget\" data-e-type=\"widget\" data-widget_type=\"heading.default\">\n\t\t\t\t<div class=\"elementor-widget-container\">\n\t\t\t\t\t<h4 class=\"elementor-heading-title elementor-size-default\">Agresi\u00f3n con agravantes (delito grave de 2\u00ba grado)<\/h4>\t\t\t\t<\/div>\n\t\t\t\t<\/div>\n\t\t\t\t<div class=\"elementor-element elementor-element-8942b33 elementor-widget elementor-widget-text-editor\" data-id=\"8942b33\" data-element_type=\"widget\" data-e-type=\"widget\" data-widget_type=\"text-editor.default\">\n\t\t\t\t<div class=\"elementor-widget-container\">\n\t\t\t\t\t\t\t\t\t<p>Un delito de segundo grado se castiga con entre dos y 20 a\u00f1os entre rejas, y\/o hasta una multa de 10.000 d\u00f3lares. Un acusado puede seguir teniendo derecho a la libertad condicional.<\/p>\t\t\t\t\t\t\t\t<\/div>\n\t\t\t\t<\/div>\n\t\t\t\t\t<\/div>\n\t\t<\/div>\n\t\t\t\t\t<\/div>\n\t\t<\/section>\n\t\t\t\t<section class=\"elementor-section elementor-top-section elementor-element elementor-element-4791c42 elementor-section-content-middle elementor-section-boxed elementor-section-height-default elementor-section-height-default\" data-id=\"4791c42\" data-element_type=\"section\" data-e-type=\"section\">\n\t\t\t\t\t\t<div class=\"elementor-container elementor-column-gap-default\">\n\t\t\t\t\t<div class=\"elementor-column elementor-col-50 elementor-top-column elementor-element elementor-element-e55ca83\" data-id=\"e55ca83\" data-element_type=\"column\" data-e-type=\"column\">\n\t\t\t<div class=\"elementor-widget-wrap elementor-element-populated\">\n\t\t\t\t\t\t<div class=\"elementor-element elementor-element-c3089ac elementor-widget elementor-widget-image\" data-id=\"c3089ac\" data-element_type=\"widget\" data-e-type=\"widget\" data-widget_type=\"image.default\">\n\t\t\t\t<div class=\"elementor-widget-container\">\n\t\t\t\t\t\t\t\t\t\t\t\t\t\t\t<img fetchpriority=\"high\" decoding=\"async\" width=\"1024\" height=\"1024\" src=\"https:\/\/www.jorgevelalaw.com\/wp-content\/uploads\/2022\/10\/vela-law-emblem.svg\" class=\"attachment-large size-large wp-image-653\" alt=\"Jorge Vela Law image logo\" \/>\t\t\t\t\t\t\t\t\t\t\t\t\t\t\t<\/div>\n\t\t\t\t<\/div>\n\t\t\t\t\t<\/div>\n\t\t<\/div>\n\t\t\t\t<div class=\"elementor-column elementor-col-50 elementor-top-column elementor-element elementor-element-e949019\" data-id=\"e949019\" data-element_type=\"column\" data-e-type=\"column\">\n\t\t\t<div class=\"elementor-widget-wrap elementor-element-populated\">\n\t\t\t\t\t\t<div class=\"elementor-element elementor-element-0bc8f84 elementor-widget elementor-widget-heading\" data-id=\"0bc8f84\" data-element_type=\"widget\" data-e-type=\"widget\" data-widget_type=\"heading.default\">\n\t\t\t\t<div class=\"elementor-widget-container\">\n\t\t\t\t\t<h2 class=\"elementor-heading-title elementor-size-default\">Programe una consulta hoy mismo.<\/h2>\t\t\t\t<\/div>\n\t\t\t\t<\/div>\n\t\t\t\t<div class=\"elementor-element elementor-element-f2e9662 elementor-widget elementor-widget-qi_addons_for_elementor_button\" data-id=\"f2e9662\" data-element_type=\"widget\" data-e-type=\"widget\" data-widget_type=\"qi_addons_for_elementor_button.default\">\n\t\t\t\t<div class=\"elementor-widget-container\">\n\t\t\t\t\t<a class=\"qodef-shortcode qodef-m qodef-qi-button qodef-html--link qodef-layout--filled qodef-type--standard qodef-size--full qodef-icon--right qodef-hover--icon-move-horizontal-short\" href=\"#get-in-touch\" target=\"_self\">\n\t<span class=\"qodef-m-text\">Ponte en contacto con nosotros<\/span>\n\t<\/a>\n\t\t\t\t<\/div>\n\t\t\t\t<\/div>\n\t\t\t\t\t<\/div>\n\t\t<\/div>\n\t\t\t\t\t<\/div>\n\t\t<\/section>\n\t\t\t\t<section class=\"elementor-section elementor-top-section elementor-element elementor-element-7013c1a elementor-section-stretched elementor-section-boxed elementor-section-height-default elementor-section-height-default\" data-id=\"7013c1a\" data-element_type=\"section\" data-e-type=\"section\" data-settings=\"{&quot;stretch_section&quot;:&quot;section-stretched&quot;,&quot;background_background&quot;:&quot;classic&quot;}\">\n\t\t\t\t\t\t<div class=\"elementor-container elementor-column-gap-default\">\n\t\t\t\t\t<div class=\"elementor-column elementor-col-100 elementor-top-column elementor-element elementor-element-4b6fe2d\" data-id=\"4b6fe2d\" data-element_type=\"column\" data-e-type=\"column\" data-settings=\"{&quot;background_background&quot;:&quot;classic&quot;}\">\n\t\t\t<div class=\"elementor-widget-wrap elementor-element-populated\">\n\t\t\t\t\t\t<div class=\"elementor-element elementor-element-416e70f elementor-widget elementor-widget-heading\" data-id=\"416e70f\" data-element_type=\"widget\" data-e-type=\"widget\" data-widget_type=\"heading.default\">\n\t\t\t\t<div class=\"elementor-widget-container\">\n\t\t\t\t\t<h2 class=\"elementor-heading-title elementor-size-default\">Defensas contra la agresi\u00f3n<\/h2>\t\t\t\t<\/div>\n\t\t\t\t<\/div>\n\t\t\t\t<div class=\"elementor-element elementor-element-1a3e6b0 elementor-widget elementor-widget-text-editor\" data-id=\"1a3e6b0\" data-element_type=\"widget\" data-e-type=\"widget\" data-widget_type=\"text-editor.default\">\n\t\t\t\t<div class=\"elementor-widget-container\">\n\t\t\t\t\t\t\t\t\t<p>El hecho de que haya sido detenido por agresi\u00f3n no significa que sea culpable.&nbsp; A veces, puede que se enfrente a una situaci\u00f3n en la que tenga que luchar para defenderse a s\u00ed mismo, a sus amigos o a sus seres queridos.&nbsp;  Si contratas a un abogado como Jorge Vela, estas son algunas de las defensas que puede utilizar para luchar por&nbsp;usted.<\/p>\n<div class=\"wp-container-635891959b59b wp-block-columns\">\n<div class=\"wp-block-column\">\n<ul class=\"has-medium-font-size\">\n<li>Defensa personal<\/li>\n<li>Defensa de los dem\u00e1s<\/li>\n<li>Defensa de la propiedad<\/li>\n<li>Necesidad\/justificaci\u00f3n<\/li>\n<\/ul>\n<\/div>\n<\/div>\n<p>Si usted o un ser querido ha sido acusado de un delito de asalto, p\u00f3ngase en contacto con la Oficina de Derecho de Jorge Vela hoy para una consulta.<\/p>\t\t\t\t\t\t\t\t<\/div>\n\t\t\t\t<\/div>\n\t\t\t\t\t<\/div>\n\t\t<\/div>\n\t\t\t\t\t<\/div>\n\t\t<\/section>\n\t\t\t\t<\/div>\n\t\t","protected":false},"excerpt":{"rendered":"<p>Los casos de agresi\u00f3n se toman muy en serio en Texas. Un arresto por asalto o asalto agravado puede tener consecuencias de largo alcance que pueden afectar su trabajo, sus licencias estatales y federales, su derecho a portar un arma de fuego y su reputaci\u00f3n. Y lo que es m\u00e1s importante, una condena por agresi\u00f3n [&hellip;]<\/p>\n","protected":false},"author":1,"featured_media":339,"parent":369,"menu_order":0,"comment_status":"closed","ping_status":"closed","template":"","meta":{"_acf_changed":false,"inline_featured_image":false,"footnotes":""},"class_list":["post-373","page","type-page","status-publish","has-post-thumbnail","hentry"],"acf":[],"_links":{"self":[{"href":"https:\/\/www.jorgevelalaw.com\/es\/wp-json\/wp\/v2\/pages\/373","targetHints":{"allow":["GET"]}}],"collection":[{"href":"https:\/\/www.jorgevelalaw.com\/es\/wp-json\/wp\/v2\/pages"}],"about":[{"href":"https:\/\/www.jorgevelalaw.com\/es\/wp-json\/wp\/v2\/types\/page"}],"author":[{"embeddable":true,"href":"https:\/\/www.jorgevelalaw.com\/es\/wp-json\/wp\/v2\/users\/1"}],"replies":[{"embeddable":true,"href":"https:\/\/www.jorgevelalaw.com\/es\/wp-json\/wp\/v2\/comments?post=373"}],"version-history":[{"count":0,"href":"https:\/\/www.jorgevelalaw.com\/es\/wp-json\/wp\/v2\/pages\/373\/revisions"}],"up":[{"embeddable":true,"href":"https:\/\/www.jorgevelalaw.com\/es\/wp-json\/wp\/v2\/pages\/369"}],"wp:featuredmedia":[{"embeddable":true,"href":"https:\/\/www.jorgevelalaw.com\/es\/wp-json\/wp\/v2\/media\/339"}],"wp:attachment":[{"href":"https:\/\/www.jorgevelalaw.com\/es\/wp-json\/wp\/v2\/media?parent=373"}],"curies":[{"name":"wp","href":"https:\/\/api.w.org\/{rel}","templated":true}]}}