{"id":370,"date":"2021-08-09T21:40:53","date_gmt":"2021-08-10T02:40:53","guid":{"rendered":"https:\/\/www.jorgevelalaw.com\/acerca-de\/"},"modified":"2024-08-05T17:02:25","modified_gmt":"2024-08-05T22:02:25","slug":"jorge-vela","status":"publish","type":"page","link":"https:\/\/www.jorgevelalaw.com\/es\/jorge-vela\/","title":{"rendered":"Abogado Jorge Vela"},"content":{"rendered":"\t\t<div data-elementor-type=\"wp-page\" data-elementor-id=\"370\" class=\"elementor elementor-370 elementor-17\" data-elementor-post-type=\"page\">\n\t\t\t\t\t\t<section class=\"elementor-section elementor-top-section elementor-element elementor-element-3dc3efd elementor-section-full_width elementor-section-content-middle elementor-section-height-default elementor-section-height-default\" data-id=\"3dc3efd\" data-element_type=\"section\" data-e-type=\"section\" data-settings=\"{&quot;background_background&quot;:&quot;classic&quot;}\">\n\t\t\t\t\t\t\t<div class=\"elementor-background-overlay\"><\/div>\n\t\t\t\t\t\t\t<div class=\"elementor-container elementor-column-gap-default\">\n\t\t\t\t\t<div class=\"elementor-column elementor-col-100 elementor-top-column elementor-element elementor-element-9a0b889\" data-id=\"9a0b889\" data-element_type=\"column\" data-e-type=\"column\">\n\t\t\t<div class=\"elementor-widget-wrap elementor-element-populated\">\n\t\t\t\t\t\t<section class=\"elementor-section elementor-inner-section elementor-element elementor-element-5bfc2ff elementor-section-content-middle elementor-section-boxed elementor-section-height-default elementor-section-height-default\" data-id=\"5bfc2ff\" data-element_type=\"section\" data-e-type=\"section\">\n\t\t\t\t\t\t<div class=\"elementor-container elementor-column-gap-default\">\n\t\t\t\t\t<div class=\"elementor-column elementor-col-100 elementor-inner-column elementor-element elementor-element-601f0f4\" data-id=\"601f0f4\" data-element_type=\"column\" data-e-type=\"column\">\n\t\t\t<div class=\"elementor-widget-wrap elementor-element-populated\">\n\t\t\t\t\t\t<div class=\"elementor-element elementor-element-ff699b8 elementor-widget elementor-widget-heading\" data-id=\"ff699b8\" data-element_type=\"widget\" data-e-type=\"widget\" data-widget_type=\"heading.default\">\n\t\t\t\t<div class=\"elementor-widget-container\">\n\t\t\t\t\t<h1 class=\"elementor-heading-title elementor-size-default\">Bienvenido a la Oficina del Abogado Jorge Vela<\/h1>\t\t\t\t<\/div>\n\t\t\t\t<\/div>\n\t\t\t\t\t<\/div>\n\t\t<\/div>\n\t\t\t\t\t<\/div>\n\t\t<\/section>\n\t\t\t\t\t<\/div>\n\t\t<\/div>\n\t\t\t\t\t<\/div>\n\t\t<\/section>\n\t\t\t\t<section class=\"elementor-section elementor-top-section elementor-element elementor-element-6e2436f elementor-section-boxed elementor-section-height-default elementor-section-height-default\" data-id=\"6e2436f\" data-element_type=\"section\" data-e-type=\"section\">\n\t\t\t\t\t\t<div class=\"elementor-container elementor-column-gap-default\">\n\t\t\t\t\t<div class=\"elementor-column elementor-col-100 elementor-top-column elementor-element elementor-element-fee9ca2\" data-id=\"fee9ca2\" data-element_type=\"column\" data-e-type=\"column\" data-settings=\"{&quot;background_background&quot;:&quot;classic&quot;}\">\n\t\t\t<div class=\"elementor-widget-wrap elementor-element-populated\">\n\t\t\t\t\t\t<div class=\"elementor-element elementor-element-9a67c96 elementor-widget elementor-widget-heading\" data-id=\"9a67c96\" data-element_type=\"widget\" data-e-type=\"widget\" data-widget_type=\"heading.default\">\n\t\t\t\t<div class=\"elementor-widget-container\">\n\t\t\t\t\t<h2 class=\"elementor-heading-title elementor-size-default\">Sobre el Abogado Jorge Vela<\/h2>\t\t\t\t<\/div>\n\t\t\t\t<\/div>\n\t\t\t\t<div class=\"elementor-element elementor-element-a3b2a7a elementor-widget elementor-widget-text-editor\" data-id=\"a3b2a7a\" data-element_type=\"widget\" data-e-type=\"widget\" data-widget_type=\"text-editor.default\">\n\t\t\t\t<div class=\"elementor-widget-container\">\n\t\t\t\t\t\t\t\t\t<p>Jorge Vela se licenci\u00f3 en la Universidad de Vanderbilt en 2006. A continuaci\u00f3n, asisti\u00f3 a la Facultad de Derecho de la Universidad de Texas, obteniendo su t\u00edtulo de abogado en 2011.<\/p><p>Despu\u00e9s de estudiar derecho, Jorge acept\u00f3 un puesto como fiscal de delitos graves en el Tribunal del Distrito 49 del Condado de Webb, situado en Laredo, Texas. Proces\u00f3 delitos violentos que inclu\u00edan el robo agravado, el asalto agravado, el homicidio por intoxicaci\u00f3n, el secuestro agravado, el asesinato y la solicitud de asesinato capital.<\/p><p>En 2014, Jorge acept\u00f3 un puesto en el Departamento de Justicia de los Estados Unidos como Fiscal Adjunto de los Estados Unidos en el Distrito Sur de Texas. Como fiscal federal, Jorge investig\u00f3 organizaciones de narcotr\u00e1fico a gran escala vinculadas a violentos c\u00e1rteles mexicanos de la droga a lo largo de la frontera entre M\u00e9xico y Estados Unidos. Ayud\u00f3 a conseguir importantes veredictos en juicios con jurado, incluida una sentencia de cadena perpetua para el <a href=\"https:\/\/www.jorgevelalaw.com\/es\/noticias-y-actualizaciones\/\">jefe de una organizaci\u00f3n de tr\u00e1fico de drogas de Laredo<\/a>. Tambi\u00e9n proces\u00f3 y obtuvo veredictos de culpabilidad contra acusados de contrabando de extranjeros indocumentados, tr\u00e1fico de armas de fuego, posesi\u00f3n de pornograf\u00eda infantil, captaci\u00f3n de menores por Internet y fraude de visados de Estados Unidos.<\/p><p>Jorge se traslad\u00f3 a Austin, Texas, en 2017 y se desempe\u00f1\u00f3 como asistente del fiscal del condado de Travis. Una vez m\u00e1s, proces\u00f3 delitos violentos, ayudando a asegurar veredictos de culpabilidad para los acusados de Asalto Agravado, Robo, Robo Agravado, Secuestro Agravado, Asesinato y Asesinato Capital.<\/p><p>En 2018, Jorge se convirti\u00f3 en un abogado de defensa criminal y abri\u00f3 la Oficina Legal de Jorge Vela, PLLC. Armado con la experiencia y el conocimiento de alguien que ha estado en el interior, Jorge ahora est\u00e1 utilizando sus habilidades como abogado de juicio federal y estatal para defender los derechos de las personas acusadas de un delito. Si usted ha sido acusado de un delito, p\u00f3ngase en contacto con la Oficina de Derecho de Jorge Vela para una consulta hoy.<\/p>\t\t\t\t\t\t\t\t<\/div>\n\t\t\t\t<\/div>\n\t\t\t\t\t<\/div>\n\t\t<\/div>\n\t\t\t\t\t<\/div>\n\t\t<\/section>\n\t\t\t\t<section class=\"elementor-section elementor-top-section elementor-element elementor-element-19fd83c elementor-section-stretched elementor-hidden-tablet elementor-hidden-mobile elementor-section-boxed elementor-section-height-default elementor-section-height-default\" data-id=\"19fd83c\" data-element_type=\"section\" data-e-type=\"section\" data-settings=\"{&quot;stretch_section&quot;:&quot;section-stretched&quot;,&quot;background_background&quot;:&quot;classic&quot;}\">\n\t\t\t\t\t\t<div class=\"elementor-container elementor-column-gap-default\">\n\t\t\t\t\t<div class=\"elementor-column elementor-col-100 elementor-top-column elementor-element elementor-element-9589ded\" data-id=\"9589ded\" data-element_type=\"column\" data-e-type=\"column\" data-settings=\"{&quot;background_background&quot;:&quot;classic&quot;}\">\n\t\t\t<div class=\"elementor-widget-wrap\">\n\t\t\t\t\t\t\t<\/div>\n\t\t<\/div>\n\t\t\t\t\t<\/div>\n\t\t<\/section>\n\t\t\t\t<\/div>\n\t\t","protected":false},"excerpt":{"rendered":"<p>Bienvenido a la Oficina del Abogado Jorge Vela Sobre el Abogado Jorge Vela Jorge Vela se licenci\u00f3 en la Universidad de Vanderbilt en 2006. A continuaci\u00f3n, asisti\u00f3 a la Facultad de Derecho de la Universidad de Texas, obteniendo su t\u00edtulo de abogado en 2011. Despu\u00e9s de estudiar derecho, Jorge acept\u00f3 un puesto como fiscal de [&hellip;]<\/p>\n","protected":false},"author":1,"featured_media":524,"parent":0,"menu_order":0,"comment_status":"closed","ping_status":"closed","template":"","meta":{"_acf_changed":false,"inline_featured_image":false,"footnotes":""},"class_list":["post-370","page","type-page","status-publish","has-post-thumbnail","hentry"],"acf":[],"_links":{"self":[{"href":"https:\/\/www.jorgevelalaw.com\/es\/wp-json\/wp\/v2\/pages\/370","targetHints":{"allow":["GET"]}}],"collection":[{"href":"https:\/\/www.jorgevelalaw.com\/es\/wp-json\/wp\/v2\/pages"}],"about":[{"href":"https:\/\/www.jorgevelalaw.com\/es\/wp-json\/wp\/v2\/types\/page"}],"author":[{"embeddable":true,"href":"https:\/\/www.jorgevelalaw.com\/es\/wp-json\/wp\/v2\/users\/1"}],"replies":[{"embeddable":true,"href":"https:\/\/www.jorgevelalaw.com\/es\/wp-json\/wp\/v2\/comments?post=370"}],"version-history":[{"count":0,"href":"https:\/\/www.jorgevelalaw.com\/es\/wp-json\/wp\/v2\/pages\/370\/revisions"}],"wp:featuredmedia":[{"embeddable":true,"href":"https:\/\/www.jorgevelalaw.com\/es\/wp-json\/wp\/v2\/media\/524"}],"wp:attachment":[{"href":"https:\/\/www.jorgevelalaw.com\/es\/wp-json\/wp\/v2\/media?parent=370"}],"curies":[{"name":"wp","href":"https:\/\/api.w.org\/{rel}","templated":true}]}}