{"id":364,"date":"2021-08-25T22:39:00","date_gmt":"2021-08-26T03:39:00","guid":{"rendered":"https:\/\/www.jorgevelalaw.com\/blog-de-defensa-penal\/"},"modified":"2025-04-09T15:20:23","modified_gmt":"2025-04-09T20:20:23","slug":"blog","status":"publish","type":"page","link":"https:\/\/www.jorgevelalaw.com\/es\/blog\/","title":{"rendered":"Blog"},"content":{"rendered":"\t\t<div data-elementor-type=\"wp-page\" data-elementor-id=\"364\" class=\"elementor elementor-364 elementor-182\" data-elementor-post-type=\"page\">\n\t\t\t\t\t\t<section class=\"elementor-section elementor-top-section elementor-element elementor-element-585a6cf elementor-section-full_width elementor-section-content-middle elementor-section-height-default elementor-section-height-default\" data-id=\"585a6cf\" data-element_type=\"section\" data-e-type=\"section\" data-settings=\"{&quot;background_background&quot;:&quot;classic&quot;}\">\n\t\t\t\t\t\t\t<div class=\"elementor-background-overlay\"><\/div>\n\t\t\t\t\t\t\t<div class=\"elementor-container elementor-column-gap-default\">\n\t\t\t\t\t<div class=\"elementor-column elementor-col-100 elementor-top-column elementor-element elementor-element-74dfadd\" data-id=\"74dfadd\" data-element_type=\"column\" data-e-type=\"column\">\n\t\t\t<div class=\"elementor-widget-wrap elementor-element-populated\">\n\t\t\t\t\t\t<section class=\"elementor-section elementor-inner-section elementor-element elementor-element-b457993 elementor-section-content-middle elementor-section-boxed elementor-section-height-default elementor-section-height-default\" data-id=\"b457993\" data-element_type=\"section\" data-e-type=\"section\">\n\t\t\t\t\t\t<div class=\"elementor-container elementor-column-gap-default\">\n\t\t\t\t\t<div class=\"elementor-column elementor-col-100 elementor-inner-column elementor-element elementor-element-a3a7cac\" data-id=\"a3a7cac\" data-element_type=\"column\" data-e-type=\"column\">\n\t\t\t<div class=\"elementor-widget-wrap elementor-element-populated\">\n\t\t\t\t\t\t<div class=\"elementor-element elementor-element-4dde38b elementor-widget elementor-widget-heading\" data-id=\"4dde38b\" data-element_type=\"widget\" data-e-type=\"widget\" data-widget_type=\"heading.default\">\n\t\t\t\t<div class=\"elementor-widget-container\">\n\t\t\t\t\t<h1 class=\"elementor-heading-title elementor-size-default\">Blog<\/h1>\t\t\t\t<\/div>\n\t\t\t\t<\/div>\n\t\t\t\t\t<\/div>\n\t\t<\/div>\n\t\t\t\t\t<\/div>\n\t\t<\/section>\n\t\t\t\t\t<\/div>\n\t\t<\/div>\n\t\t\t\t\t<\/div>\n\t\t<\/section>\n\t\t\t\t<section class=\"elementor-section elementor-top-section elementor-element elementor-element-a4a9457 elementor-section-boxed elementor-section-height-default elementor-section-height-default\" data-id=\"a4a9457\" data-element_type=\"section\" data-e-type=\"section\">\n\t\t\t\t\t\t<div class=\"elementor-container elementor-column-gap-default\">\n\t\t\t\t\t<div class=\"elementor-column elementor-col-100 elementor-top-column elementor-element elementor-element-7d54e75\" data-id=\"7d54e75\" data-element_type=\"column\" data-e-type=\"column\">\n\t\t\t<div class=\"elementor-widget-wrap elementor-element-populated\">\n\t\t\t\t\t\t<div class=\"elementor-element elementor-element-c1edef6 elementor-grid-3 elementor-grid-tablet-2 elementor-grid-mobile-1 elementor-posts--thumbnail-top elementor-widget elementor-widget-posts\" data-id=\"c1edef6\" data-element_type=\"widget\" data-e-type=\"widget\" data-settings=\"{&quot;pagination_type&quot;:&quot;numbers&quot;,&quot;classic_columns&quot;:&quot;3&quot;,&quot;classic_columns_tablet&quot;:&quot;2&quot;,&quot;classic_columns_mobile&quot;:&quot;1&quot;,&quot;classic_row_gap&quot;:{&quot;unit&quot;:&quot;px&quot;,&quot;size&quot;:35,&quot;sizes&quot;:[]},&quot;classic_row_gap_tablet&quot;:{&quot;unit&quot;:&quot;px&quot;,&quot;size&quot;:&quot;&quot;,&quot;sizes&quot;:[]},&quot;classic_row_gap_mobile&quot;:{&quot;unit&quot;:&quot;px&quot;,&quot;size&quot;:&quot;&quot;,&quot;sizes&quot;:[]}}\" data-widget_type=\"posts.classic\">\n\t\t\t\t<div class=\"elementor-widget-container\">\n\t\t\t\t\t\t\t<div class=\"elementor-posts-container elementor-posts elementor-posts--skin-classic elementor-grid\" role=\"list\">\n\t\t\t\t<article class=\"elementor-post elementor-grid-item post-1339 post type-post status-publish format-standard has-post-thumbnail hentry category-defensa-penal\" role=\"listitem\">\n\t\t\t\t<a class=\"elementor-post__thumbnail__link\" href=\"https:\/\/www.jorgevelalaw.com\/es\/blog\/como-puedo-borrar-mis-antecedentes-penales-en-texas\/\" tabindex=\"-1\">\n\t\t\t<div class=\"elementor-post__thumbnail\"><img fetchpriority=\"high\" decoding=\"async\" width=\"300\" height=\"200\" src=\"https:\/\/www.jorgevelalaw.com\/wp-content\/uploads\/2025\/03\/Criminal-Record-300x200.jpg\" class=\"attachment-medium size-medium wp-image-1326\" alt=\"Criminal Record\" srcset=\"https:\/\/www.jorgevelalaw.com\/wp-content\/uploads\/2025\/03\/Criminal-Record-300x200.jpg 300w, https:\/\/www.jorgevelalaw.com\/wp-content\/uploads\/2025\/03\/Criminal-Record-768x512.jpg 768w, https:\/\/www.jorgevelalaw.com\/wp-content\/uploads\/2025\/03\/Criminal-Record.jpg 1000w\" sizes=\"(max-width: 300px) 100vw, 300px\" \/><\/div>\n\t\t<\/a>\n\t\t\t\t<div class=\"elementor-post__text\">\n\t\t\t\t<h3 class=\"elementor-post__title\">\n\t\t\t<a href=\"https:\/\/www.jorgevelalaw.com\/es\/blog\/como-puedo-borrar-mis-antecedentes-penales-en-texas\/\">\n\t\t\t\t\u00bfC\u00f3mo puedo borrar mis antecedentes penales en Texas?\t\t\t<\/a>\n\t\t<\/h3>\n\t\t\t\t<div class=\"elementor-post__excerpt\">\n\t\t\t<p>El proceso para borrar tus antecedentes penales en Texas se denomina Expurgo. Es el proceso legal formal por el que una persona puede presentar una<\/p>\n\t\t<\/div>\n\t\t\n\t\t<a class=\"elementor-post__read-more\" href=\"https:\/\/www.jorgevelalaw.com\/es\/blog\/como-puedo-borrar-mis-antecedentes-penales-en-texas\/\" aria-label=\"M\u00e1s informaci\u00f3n sobre \u00bfC\u00f3mo puedo borrar mis antecedentes penales en Texas?\" tabindex=\"-1\">\n\t\t\tSigue leyendo\t\t<\/a>\n\n\t\t\t\t<\/div>\n\t\t\t\t<\/article>\n\t\t\t\t<article class=\"elementor-post elementor-grid-item post-1325 post type-post status-publish format-standard has-post-thumbnail hentry category-defensa-criminal\" role=\"listitem\">\n\t\t\t\t<a class=\"elementor-post__thumbnail__link\" href=\"https:\/\/www.jorgevelalaw.com\/es\/blog\/limpiar-record-criminal-texas\/\" tabindex=\"-1\">\n\t\t\t<div class=\"elementor-post__thumbnail\"><img fetchpriority=\"high\" decoding=\"async\" width=\"300\" height=\"200\" src=\"https:\/\/www.jorgevelalaw.com\/wp-content\/uploads\/2025\/03\/Criminal-Record-300x200.jpg\" class=\"attachment-medium size-medium wp-image-1326\" alt=\"Criminal Record\" srcset=\"https:\/\/www.jorgevelalaw.com\/wp-content\/uploads\/2025\/03\/Criminal-Record-300x200.jpg 300w, https:\/\/www.jorgevelalaw.com\/wp-content\/uploads\/2025\/03\/Criminal-Record-768x512.jpg 768w, https:\/\/www.jorgevelalaw.com\/wp-content\/uploads\/2025\/03\/Criminal-Record.jpg 1000w\" sizes=\"(max-width: 300px) 100vw, 300px\" \/><\/div>\n\t\t<\/a>\n\t\t\t\t<div class=\"elementor-post__text\">\n\t\t\t\t<h3 class=\"elementor-post__title\">\n\t\t\t<a href=\"https:\/\/www.jorgevelalaw.com\/es\/blog\/limpiar-record-criminal-texas\/\">\n\t\t\t\t\u00bfC\u00f3mo Borro Mis Antecedentes Penales en Texas?\t\t\t<\/a>\n\t\t<\/h3>\n\t\t\t\t<div class=\"elementor-post__excerpt\">\n\t\t\t<p>El proceso para borrar sus antecedentes penales en Texas se llama Expurgaci\u00f3n. Una expurgaci\u00f3n es el proceso legal formal mediante el cual una persona puede<\/p>\n\t\t<\/div>\n\t\t\n\t\t<a class=\"elementor-post__read-more\" href=\"https:\/\/www.jorgevelalaw.com\/es\/blog\/limpiar-record-criminal-texas\/\" aria-label=\"M\u00e1s informaci\u00f3n sobre \u00bfC\u00f3mo Borro Mis Antecedentes Penales en Texas?\" tabindex=\"-1\">\n\t\t\tSigue leyendo\t\t<\/a>\n\n\t\t\t\t<\/div>\n\t\t\t\t<\/article>\n\t\t\t\t<article class=\"elementor-post elementor-grid-item post-1336 post type-post status-publish format-standard has-post-thumbnail hentry category-inmigracion-es\" role=\"listitem\">\n\t\t\t\t<a class=\"elementor-post__thumbnail__link\" href=\"https:\/\/www.jorgevelalaw.com\/es\/blog\/retencion-ice-que-es-una-retencion-ice-y-como-puedo-liberar-a-alguien\/\" tabindex=\"-1\">\n\t\t\t<div class=\"elementor-post__thumbnail\"><img decoding=\"async\" width=\"300\" height=\"200\" src=\"https:\/\/www.jorgevelalaw.com\/wp-content\/uploads\/2023\/02\/ice-holds-300x200.jpg\" class=\"attachment-medium size-medium wp-image-858\" alt=\"ICE processing and detaining undocumented immigrants\" srcset=\"https:\/\/www.jorgevelalaw.com\/wp-content\/uploads\/2023\/02\/ice-holds-300x200.jpg 300w, https:\/\/www.jorgevelalaw.com\/wp-content\/uploads\/2023\/02\/ice-holds-768x512.jpg 768w, https:\/\/www.jorgevelalaw.com\/wp-content\/uploads\/2023\/02\/ice-holds.jpg 1000w\" sizes=\"(max-width: 300px) 100vw, 300px\" \/><\/div>\n\t\t<\/a>\n\t\t\t\t<div class=\"elementor-post__text\">\n\t\t\t\t<h3 class=\"elementor-post__title\">\n\t\t\t<a href=\"https:\/\/www.jorgevelalaw.com\/es\/blog\/retencion-ice-que-es-una-retencion-ice-y-como-puedo-liberar-a-alguien\/\">\n\t\t\t\tRetenci\u00f3n ICE &#8211; \u00bfQu\u00e9 es una retenci\u00f3n ICE y c\u00f3mo puedo liberar a alguien?\t\t\t<\/a>\n\t\t<\/h3>\n\t\t\t\t<div class=\"elementor-post__excerpt\">\n\t\t\t<p>Whenever someone is arrested for allegedly committing a state criminal offense (driving while intoxicated, family violence, assault), they will be taken to the local county<\/p>\n\t\t<\/div>\n\t\t\n\t\t<a class=\"elementor-post__read-more\" href=\"https:\/\/www.jorgevelalaw.com\/es\/blog\/retencion-ice-que-es-una-retencion-ice-y-como-puedo-liberar-a-alguien\/\" aria-label=\"M\u00e1s informaci\u00f3n sobre Retenci\u00f3n ICE &#8211; \u00bfQu\u00e9 es una retenci\u00f3n ICE y c\u00f3mo puedo liberar a alguien?\" tabindex=\"-1\">\n\t\t\tSigue leyendo\t\t<\/a>\n\n\t\t\t\t<\/div>\n\t\t\t\t<\/article>\n\t\t\t\t<article class=\"elementor-post elementor-grid-item post-1307 post type-post status-publish format-standard has-post-thumbnail hentry category-sin-categorizar\" role=\"listitem\">\n\t\t\t\t<a class=\"elementor-post__thumbnail__link\" href=\"https:\/\/www.jorgevelalaw.com\/es\/blog\/como-saber-si-alguien-tiene-retencion-ice\/\" tabindex=\"-1\">\n\t\t\t<div class=\"elementor-post__thumbnail\"><img decoding=\"async\" width=\"300\" height=\"169\" src=\"https:\/\/www.jorgevelalaw.com\/wp-content\/uploads\/2025\/02\/U.S.-Customs-and-Border-Protection-logo-displayed-on-a-smartphone-screen-with-the-agencys-website-homepage-visible-in-the-blurred-background-300x169.jpg\" class=\"attachment-medium size-medium wp-image-1306\" alt=\"U.S. Customs and Border Protection logo displayed on a smartphone screen, with the agency\u2019s website homepage visible in the blurred background\" srcset=\"https:\/\/www.jorgevelalaw.com\/wp-content\/uploads\/2025\/02\/U.S.-Customs-and-Border-Protection-logo-displayed-on-a-smartphone-screen-with-the-agencys-website-homepage-visible-in-the-blurred-background-300x169.jpg 300w, https:\/\/www.jorgevelalaw.com\/wp-content\/uploads\/2025\/02\/U.S.-Customs-and-Border-Protection-logo-displayed-on-a-smartphone-screen-with-the-agencys-website-homepage-visible-in-the-blurred-background-768x432.jpg 768w, https:\/\/www.jorgevelalaw.com\/wp-content\/uploads\/2025\/02\/U.S.-Customs-and-Border-Protection-logo-displayed-on-a-smartphone-screen-with-the-agencys-website-homepage-visible-in-the-blurred-background.jpg 1000w\" sizes=\"(max-width: 300px) 100vw, 300px\" \/><\/div>\n\t\t<\/a>\n\t\t\t\t<div class=\"elementor-post__text\">\n\t\t\t\t<h3 class=\"elementor-post__title\">\n\t\t\t<a href=\"https:\/\/www.jorgevelalaw.com\/es\/blog\/como-saber-si-alguien-tiene-retencion-ice\/\">\n\t\t\t\t\u00bfC\u00f3mo Saber Si Alguien Tiene Una Retenci\u00f3n de ICE?\t\t\t<\/a>\n\t\t<\/h3>\n\t\t\t\t<div class=\"elementor-post__excerpt\">\n\t\t\t<p>\u00bfQu\u00e9 Es Una Retenci\u00f3n de ICE? Cuando alguien es arrestado por presuntamente cometer un delito, normalmente es ingresado en la c\u00e1rcel del condado local. Si<\/p>\n\t\t<\/div>\n\t\t\n\t\t<a class=\"elementor-post__read-more\" href=\"https:\/\/www.jorgevelalaw.com\/es\/blog\/como-saber-si-alguien-tiene-retencion-ice\/\" aria-label=\"M\u00e1s informaci\u00f3n sobre \u00bfC\u00f3mo Saber Si Alguien Tiene Una Retenci\u00f3n de ICE?\" tabindex=\"-1\">\n\t\t\tSigue leyendo\t\t<\/a>\n\n\t\t\t\t<\/div>\n\t\t\t\t<\/article>\n\t\t\t\t<article class=\"elementor-post elementor-grid-item post-1303 post type-post status-publish format-standard has-post-thumbnail hentry category-inmigracion\" role=\"listitem\">\n\t\t\t\t<a class=\"elementor-post__thumbnail__link\" href=\"https:\/\/www.jorgevelalaw.com\/es\/blog\/conozca-sus-derechos-que-hacer-si-se-encuentra-con-ice\/\" tabindex=\"-1\">\n\t\t\t<div class=\"elementor-post__thumbnail\"><img loading=\"lazy\" decoding=\"async\" width=\"300\" height=\"176\" src=\"https:\/\/www.jorgevelalaw.com\/wp-content\/uploads\/2025\/02\/homeland-security-300x176.jpg\" class=\"attachment-medium size-medium wp-image-1301\" alt=\"homeland security\" srcset=\"https:\/\/www.jorgevelalaw.com\/wp-content\/uploads\/2025\/02\/homeland-security-300x176.jpg 300w, https:\/\/www.jorgevelalaw.com\/wp-content\/uploads\/2025\/02\/homeland-security-768x449.jpg 768w, https:\/\/www.jorgevelalaw.com\/wp-content\/uploads\/2025\/02\/homeland-security.jpg 1000w\" sizes=\"(max-width: 300px) 100vw, 300px\" \/><\/div>\n\t\t<\/a>\n\t\t\t\t<div class=\"elementor-post__text\">\n\t\t\t\t<h3 class=\"elementor-post__title\">\n\t\t\t<a href=\"https:\/\/www.jorgevelalaw.com\/es\/blog\/conozca-sus-derechos-que-hacer-si-se-encuentra-con-ice\/\">\n\t\t\t\tConozca Sus Derechos: Qu\u00e9 Hacer Si Se Encuentra Con ICE\t\t\t<\/a>\n\t\t<\/h3>\n\t\t\t\t<div class=\"elementor-post__excerpt\">\n\t\t\t<p>Derecho a Guardar Silencio Usted no tiene que responder ninguna pregunta sobre su estatus migratorio, d\u00f3nde naci\u00f3 o c\u00f3mo ingres\u00f3 al pa\u00eds. Simplemente diga: \u00abElijo<\/p>\n\t\t<\/div>\n\t\t\n\t\t<a class=\"elementor-post__read-more\" href=\"https:\/\/www.jorgevelalaw.com\/es\/blog\/conozca-sus-derechos-que-hacer-si-se-encuentra-con-ice\/\" aria-label=\"M\u00e1s informaci\u00f3n sobre Conozca Sus Derechos: Qu\u00e9 Hacer Si Se Encuentra Con ICE\" tabindex=\"-1\">\n\t\t\tSigue leyendo\t\t<\/a>\n\n\t\t\t\t<\/div>\n\t\t\t\t<\/article>\n\t\t\t\t<article class=\"elementor-post elementor-grid-item post-1338 post type-post status-publish format-standard has-post-thumbnail hentry category-inmigracion-es\" role=\"listitem\">\n\t\t\t\t<a class=\"elementor-post__thumbnail__link\" href=\"https:\/\/www.jorgevelalaw.com\/es\/blog\/conoce-tus-derechos-que-hacer-si-te-encuentras-con-el-ice\/\" tabindex=\"-1\">\n\t\t\t<div class=\"elementor-post__thumbnail\"><img loading=\"lazy\" decoding=\"async\" width=\"300\" height=\"176\" src=\"https:\/\/www.jorgevelalaw.com\/wp-content\/uploads\/2025\/02\/homeland-security-300x176.jpg\" class=\"attachment-medium size-medium wp-image-1301\" alt=\"homeland security\" srcset=\"https:\/\/www.jorgevelalaw.com\/wp-content\/uploads\/2025\/02\/homeland-security-300x176.jpg 300w, https:\/\/www.jorgevelalaw.com\/wp-content\/uploads\/2025\/02\/homeland-security-768x449.jpg 768w, https:\/\/www.jorgevelalaw.com\/wp-content\/uploads\/2025\/02\/homeland-security.jpg 1000w\" sizes=\"(max-width: 300px) 100vw, 300px\" \/><\/div>\n\t\t<\/a>\n\t\t\t\t<div class=\"elementor-post__text\">\n\t\t\t\t<h3 class=\"elementor-post__title\">\n\t\t\t<a href=\"https:\/\/www.jorgevelalaw.com\/es\/blog\/conoce-tus-derechos-que-hacer-si-te-encuentras-con-el-ice\/\">\n\t\t\t\tConoce tus derechos: Qu\u00e9 hacer si te encuentras con el ICE\t\t\t<\/a>\n\t\t<\/h3>\n\t\t\t\t<div class=\"elementor-post__excerpt\">\n\t\t\t<p>TUS DERECHOS ANTE EL HIELO Derecho a guardar silencio No tienes que responder a ninguna pregunta sobre tu situaci\u00f3n de inmigraci\u00f3n, d\u00f3nde naciste o c\u00f3mo<\/p>\n\t\t<\/div>\n\t\t\n\t\t<a class=\"elementor-post__read-more\" href=\"https:\/\/www.jorgevelalaw.com\/es\/blog\/conoce-tus-derechos-que-hacer-si-te-encuentras-con-el-ice\/\" aria-label=\"M\u00e1s informaci\u00f3n sobre Conoce tus derechos: Qu\u00e9 hacer si te encuentras con el ICE\" tabindex=\"-1\">\n\t\t\tSigue leyendo\t\t<\/a>\n\n\t\t\t\t<\/div>\n\t\t\t\t<\/article>\n\t\t\t\t<article class=\"elementor-post elementor-grid-item post-1298 post type-post status-publish format-standard has-post-thumbnail hentry category-inmigracion\" role=\"listitem\">\n\t\t\t\t<a class=\"elementor-post__thumbnail__link\" href=\"https:\/\/www.jorgevelalaw.com\/es\/blog\/ordenes-de-arresto-en-el-condado-de-travis-texas\/\" tabindex=\"-1\">\n\t\t\t<div class=\"elementor-post__thumbnail\"><img loading=\"lazy\" decoding=\"async\" width=\"300\" height=\"200\" src=\"https:\/\/www.jorgevelalaw.com\/wp-content\/uploads\/2025\/02\/warrant-300x200.jpg\" class=\"attachment-medium size-medium wp-image-1296\" alt=\"Jorge Vela Law\" srcset=\"https:\/\/www.jorgevelalaw.com\/wp-content\/uploads\/2025\/02\/warrant-300x200.jpg 300w, https:\/\/www.jorgevelalaw.com\/wp-content\/uploads\/2025\/02\/warrant-768x512.jpg 768w, https:\/\/www.jorgevelalaw.com\/wp-content\/uploads\/2025\/02\/warrant.jpg 1000w\" sizes=\"(max-width: 300px) 100vw, 300px\" \/><\/div>\n\t\t<\/a>\n\t\t\t\t<div class=\"elementor-post__text\">\n\t\t\t\t<h3 class=\"elementor-post__title\">\n\t\t\t<a href=\"https:\/\/www.jorgevelalaw.com\/es\/blog\/ordenes-de-arresto-en-el-condado-de-travis-texas\/\">\n\t\t\t\t\u00d3rdenes de Arresto en el Condado de Travis, Texas\t\t\t<\/a>\n\t\t<\/h3>\n\t\t\t\t<div class=\"elementor-post__excerpt\">\n\t\t\t<p>Una orden de arresto es una orden escrita de un juez que ordena a cualquier oficial de policia tomar bajo custodia f\u00edsica a una persona acusada de un determinado delito<\/p>\n\t\t<\/div>\n\t\t\n\t\t<a class=\"elementor-post__read-more\" href=\"https:\/\/www.jorgevelalaw.com\/es\/blog\/ordenes-de-arresto-en-el-condado-de-travis-texas\/\" aria-label=\"M\u00e1s informaci\u00f3n sobre \u00d3rdenes de Arresto en el Condado de Travis, Texas\" tabindex=\"-1\">\n\t\t\tSigue leyendo\t\t<\/a>\n\n\t\t\t\t<\/div>\n\t\t\t\t<\/article>\n\t\t\t\t<article class=\"elementor-post elementor-grid-item post-1293 post type-post status-publish format-standard has-post-thumbnail hentry category-inmigracion\" role=\"listitem\">\n\t\t\t\t<a class=\"elementor-post__thumbnail__link\" href=\"https:\/\/www.jorgevelalaw.com\/es\/blog\/la-ley-laken-riley\/\" tabindex=\"-1\">\n\t\t\t<div class=\"elementor-post__thumbnail\"><img loading=\"lazy\" decoding=\"async\" width=\"300\" height=\"200\" src=\"https:\/\/www.jorgevelalaw.com\/wp-content\/uploads\/2025\/02\/goverment-act-300x200.jpg\" class=\"attachment-medium size-medium wp-image-1291\" alt=\"Law\" srcset=\"https:\/\/www.jorgevelalaw.com\/wp-content\/uploads\/2025\/02\/goverment-act-300x200.jpg 300w, https:\/\/www.jorgevelalaw.com\/wp-content\/uploads\/2025\/02\/goverment-act-768x513.jpg 768w, https:\/\/www.jorgevelalaw.com\/wp-content\/uploads\/2025\/02\/goverment-act.jpg 1000w\" sizes=\"(max-width: 300px) 100vw, 300px\" \/><\/div>\n\t\t<\/a>\n\t\t\t\t<div class=\"elementor-post__text\">\n\t\t\t\t<h3 class=\"elementor-post__title\">\n\t\t\t<a href=\"https:\/\/www.jorgevelalaw.com\/es\/blog\/la-ley-laken-riley\/\">\n\t\t\t\tLa Ley Laken Riley\t\t\t<\/a>\n\t\t<\/h3>\n\t\t\t\t<div class=\"elementor-post__excerpt\">\n\t\t\t<p>\u00bfQu\u00e9 es la Ley Laken Riley? La Ley Laken Riley es una nueva legislaci\u00f3n que ampl\u00eda la autoridad del gobierno federal para detener a los<\/p>\n\t\t<\/div>\n\t\t\n\t\t<a class=\"elementor-post__read-more\" href=\"https:\/\/www.jorgevelalaw.com\/es\/blog\/la-ley-laken-riley\/\" aria-label=\"M\u00e1s informaci\u00f3n sobre La Ley Laken Riley\" tabindex=\"-1\">\n\t\t\tSigue leyendo\t\t<\/a>\n\n\t\t\t\t<\/div>\n\t\t\t\t<\/article>\n\t\t\t\t<article class=\"elementor-post elementor-grid-item post-1337 post type-post status-publish format-standard has-post-thumbnail hentry category-inmigracion-es\" role=\"listitem\">\n\t\t\t\t<a class=\"elementor-post__thumbnail__link\" href=\"https:\/\/www.jorgevelalaw.com\/es\/blog\/la-ley-laken-riley-2\/\" tabindex=\"-1\">\n\t\t\t<div class=\"elementor-post__thumbnail\"><img loading=\"lazy\" decoding=\"async\" width=\"300\" height=\"200\" src=\"https:\/\/www.jorgevelalaw.com\/wp-content\/uploads\/2025\/02\/goverment-act-300x200.jpg\" class=\"attachment-medium size-medium wp-image-1291\" alt=\"Law\" srcset=\"https:\/\/www.jorgevelalaw.com\/wp-content\/uploads\/2025\/02\/goverment-act-300x200.jpg 300w, https:\/\/www.jorgevelalaw.com\/wp-content\/uploads\/2025\/02\/goverment-act-768x513.jpg 768w, https:\/\/www.jorgevelalaw.com\/wp-content\/uploads\/2025\/02\/goverment-act.jpg 1000w\" sizes=\"(max-width: 300px) 100vw, 300px\" \/><\/div>\n\t\t<\/a>\n\t\t\t\t<div class=\"elementor-post__text\">\n\t\t\t\t<h3 class=\"elementor-post__title\">\n\t\t\t<a href=\"https:\/\/www.jorgevelalaw.com\/es\/blog\/la-ley-laken-riley-2\/\">\n\t\t\t\tLa Ley Laken Riley\t\t\t<\/a>\n\t\t<\/h3>\n\t\t\t\t<div class=\"elementor-post__excerpt\">\n\t\t\t<p>La Ley Laken Riley es una nueva ley que ampl\u00eda la autoridad del gobierno federal para detener a los no ciudadanos que se encuentran ilegalmente en el pa\u00eds. Las disposiciones de la Ley prev\u00e9n la <\/p>\n\t\t<\/div>\n\t\t\n\t\t<a class=\"elementor-post__read-more\" href=\"https:\/\/www.jorgevelalaw.com\/es\/blog\/la-ley-laken-riley-2\/\" aria-label=\"M\u00e1s informaci\u00f3n sobre La Ley Laken Riley\" tabindex=\"-1\">\n\t\t\tSigue leyendo\t\t<\/a>\n\n\t\t\t\t<\/div>\n\t\t\t\t<\/article>\n\t\t\t\t<\/div>\n\t\t\n\t\t\t\t<div class=\"e-load-more-anchor\" data-page=\"1\" data-max-page=\"4\" data-next-page=\"https:\/\/www.jorgevelalaw.com\/es\/wp-json\/wp\/v2\/pages\/364\/page\/2\/\"><\/div>\n\t\t\t\t<nav class=\"elementor-pagination\" aria-label=\"Paginaci\u00f3n\">\n\t\t\t<span aria-current=\"page\" class=\"page-numbers current\"><span class=\"elementor-screen-only\">P\u00e1gina<\/span>1<\/span>\n<a class=\"page-numbers\" href=\"https:\/\/www.jorgevelalaw.com\/es\/wp-json\/wp\/v2\/pages\/364\/page\/2\/\"><span class=\"elementor-screen-only\">P\u00e1gina<\/span>2<\/a>\n<a class=\"page-numbers\" href=\"https:\/\/www.jorgevelalaw.com\/es\/wp-json\/wp\/v2\/pages\/364\/page\/3\/\"><span class=\"elementor-screen-only\">P\u00e1gina<\/span>3<\/a>\n<a class=\"page-numbers\" href=\"https:\/\/www.jorgevelalaw.com\/es\/wp-json\/wp\/v2\/pages\/364\/page\/4\/\"><span class=\"elementor-screen-only\">P\u00e1gina<\/span>4<\/a>\t\t<\/nav>\n\t\t\t\t\t\t<\/div>\n\t\t\t\t<\/div>\n\t\t\t\t\t<\/div>\n\t\t<\/div>\n\t\t\t\t\t<\/div>\n\t\t<\/section>\n\t\t\t\t<\/div>\n\t\t","protected":false},"excerpt":{"rendered":"<p>Blog<\/p>\n","protected":false},"author":1,"featured_media":666,"parent":0,"menu_order":0,"comment_status":"closed","ping_status":"closed","template":"","meta":{"_acf_changed":false,"inline_featured_image":false,"footnotes":""},"class_list":["post-364","page","type-page","status-publish","has-post-thumbnail","hentry"],"acf":[],"_links":{"self":[{"href":"https:\/\/www.jorgevelalaw.com\/es\/wp-json\/wp\/v2\/pages\/364","targetHints":{"allow":["GET"]}}],"collection":[{"href":"https:\/\/www.jorgevelalaw.com\/es\/wp-json\/wp\/v2\/pages"}],"about":[{"href":"https:\/\/www.jorgevelalaw.com\/es\/wp-json\/wp\/v2\/types\/page"}],"author":[{"embeddable":true,"href":"https:\/\/www.jorgevelalaw.com\/es\/wp-json\/wp\/v2\/users\/1"}],"replies":[{"embeddable":true,"href":"https:\/\/www.jorgevelalaw.com\/es\/wp-json\/wp\/v2\/comments?post=364"}],"version-history":[{"count":0,"href":"https:\/\/www.jorgevelalaw.com\/es\/wp-json\/wp\/v2\/pages\/364\/revisions"}],"wp:featuredmedia":[{"embeddable":true,"href":"https:\/\/www.jorgevelalaw.com\/es\/wp-json\/wp\/v2\/media\/666"}],"wp:attachment":[{"href":"https:\/\/www.jorgevelalaw.com\/es\/wp-json\/wp\/v2\/media?parent=364"}],"curies":[{"name":"wp","href":"https:\/\/api.w.org\/{rel}","templated":true}]}}